{"id":434,"date":"2022-06-20T10:45:26","date_gmt":"2022-06-20T15:45:26","guid":{"rendered":"http:\/\/amador-auto.two.zysites.com\/about-us\/"},"modified":"2023-06-07T09:21:02","modified_gmt":"2023-06-07T14:21:02","slug":"about-us","status":"publish","type":"page","link":"https:\/\/www.amadorinsures.com\/es\/about-us\/","title":{"rendered":"Sobre nosotras"},"content":{"rendered":"<p>\u00a1Somos una agencia de seguros de propiedad familiar que ha estado sirviendo al mercado de Texas durante m\u00e1s de 55 a\u00f1os! Fuimos fundados en el a\u00f1o 1963 y fuimos una de las primeras agencias independientes en abrir aqu\u00ed en Dallas, TX.<\/p>\n<p>Nos enorgullece educar a nuestros clientes sobre sus seguros.<\/p>\n<p>Nos especializamos en:<\/p>\n<ul>\n<li>Seguro de auto<\/li>\n<li>Seguro de Hogar<\/li>\n<li>El seguro para inquilinos<\/li>\n<li>Seguro de autom\u00f3vil comercial<\/li>\n<li>Responsabilidad Comercial General<\/li>\n<li>M\u00e9xico Seguros as\u00ed como SR-22s<\/li>\n<li>Fianzas y Notario P\u00fablico<\/li>\n<\/ul>\n<p>\u00a1Aceptamos todo tipo de identificaciones! Nos enorgullecemos de nuestro servicio al cliente, \u00a1nuestro servicio al cliente es insuperable! Nos esforzamos por satisfacer las necesidades de seguros de nuestros clientes. \u00a1Esperamos que nuestra familia sirva a la suya! \u00a1Llama o ven a ver la diferencia! Se habla espa\u00f1ol !<\/p>\n","protected":false},"excerpt":{"rendered":"<p>\u00a1Somos una agencia de seguros de propiedad familiar que ha estado sirviendo al mercado de Texas durante m\u00e1s de 55 [&hellip;]<\/p>\n","protected":false},"author":4,"featured_media":0,"parent":0,"menu_order":0,"comment_status":"closed","ping_status":"closed","template":"","meta":{"_acf_changed":false,"_seopress_robots_primary_cat":"0","_seopress_titles_title":"","_seopress_titles_desc":"","_seopress_robots_index":"","_analytify_skip_tracking":false,"footnotes":""},"class_list":["post-434","page","type-page","status-publish","hentry"],"acf":[],"_links":{"self":[{"href":"https:\/\/www.amadorinsures.com\/es\/wp-json\/wp\/v2\/pages\/434","targetHints":{"allow":["GET"]}}],"collection":[{"href":"https:\/\/www.amadorinsures.com\/es\/wp-json\/wp\/v2\/pages"}],"about":[{"href":"https:\/\/www.amadorinsures.com\/es\/wp-json\/wp\/v2\/types\/page"}],"author":[{"embeddable":true,"href":"https:\/\/www.amadorinsures.com\/es\/wp-json\/wp\/v2\/users\/4"}],"replies":[{"embeddable":true,"href":"https:\/\/www.amadorinsures.com\/es\/wp-json\/wp\/v2\/comments?post=434"}],"version-history":[{"count":0,"href":"https:\/\/www.amadorinsures.com\/es\/wp-json\/wp\/v2\/pages\/434\/revisions"}],"wp:attachment":[{"href":"https:\/\/www.amadorinsures.com\/es\/wp-json\/wp\/v2\/media?parent=434"}],"curies":[{"name":"wp","href":"https:\/\/api.w.org\/{rel}","templated":true}]}}